{"id":279,"date":"2017-03-03T06:46:11","date_gmt":"2017-03-03T06:46:11","guid":{"rendered":"http:\/\/www.athenadesignstudio.com\/themes\/royal-wp\/?page_id=31"},"modified":"2017-03-03T06:46:11","modified_gmt":"2017-03-03T06:46:11","slug":"services","status":"publish","type":"page","link":"https:\/\/cordobagay.net\/?page_id=279","title":{"rendered":"Services"},"content":{"rendered":"<p>[vc_row][vc_column]<div class=\"row services\" >\r\n\t\t<div class=\"text-center col-sm-4 col-xs-12 col-md-4\">\r\n\t\t\t<div><i class=\"fas fa-hotel\"><\/i><\/div>\r\n\t\t\t<header><h4>Alojamiento<\/h4><\/header><p>Realizamos tu reserva en hoteles\/hotels gayfriendlyls de acuerdo a tu presupuesto<\/p><div class=\"clear offsetTopS visible-xs-block\"><\/div><\/div>\r\n\t\t<div class=\"text-center col-sm-4 col-xs-12 col-md-4\">\r\n\t\t\t<div><i class=\"fas fa-map-marked\"><\/i><\/div>\r\n\t\t\t<header><h4>Guia LGTTBIQ+<\/h4><\/header><p>Una gu\u00eda exclusiva para los turistas que visitan nuestra ciudad. Con datos actualizados<\/p><div class=\"clear offsetTopS visible-xs-block\"><\/div><\/div>\r\n\t\t<div class=\"text-center col-sm-4 col-xs-12 col-md-4\">\r\n\t\t\t<div><i class=\"fas fa-gift\"><\/i><\/div>\r\n\t\t\t<header><h4>Pack de bienvenida<\/h4><\/header><p>Con nuestros servicios, te recibimos con un pack de bienvenida de nuestros parners<\/p><div class=\"clear offsetTopS visible-xs-block\"><\/div><\/div><\/div>[\/vc_column][\/vc_row][vc_row][vc_column]<div class=\"row services\" >\r\n\t\t<div class=\"text-center col-sm-4 col-xs-12 col-md-4\">\r\n\t\t\t<div><i class=\"fas fa-compass\"><\/i><\/div>\r\n\t\t\t<header><h4>Orientaci\u00f3n<\/h4><\/header><p>Orientaci\u00f3n de la movida gay en C\u00f3rdoba capital y en el interior<\/p><div class=\"clear offsetTopS visible-xs-block\"><\/div><\/div>\r\n\t\t<div class=\"text-center col-sm-4 col-xs-12 col-md-4\">\r\n\t\t\t<div><i class=\"fas fa-user-friends\"><\/i><\/div>\r\n\t\t\t<header><h4>Gu\u00edas<\/h4><\/header><p>Te ofrecemos visitas guiadas personalizadas. Gu\u00edas con vasta experiencia en el recorrido de la ciudad<\/p><div class=\"clear offsetTopS visible-xs-block\"><\/div><\/div>\r\n\t\t<div class=\"text-center col-sm-4 col-xs-12 col-md-4\">\r\n\t\t\t<div><i class=\"fas fa-info\"><\/i><\/div>\r\n\t\t\t<header><h4>Informaci\u00f3n<\/h4><\/header><p>Te asesoramos brind\u00e1ndote informaci\u00f3n tur\u00edstica de la ciudad. Los lugares que puedes descubrir en C\u00f3rdoba<\/p><div class=\"clear offsetTopS visible-xs-block\"><\/div><\/div><\/div>[\/vc_column][\/vc_row]<\/p>\n","protected":false},"excerpt":{"rendered":"<p>[vc_row][vc_column][\/vc_column][\/vc_row][vc_row][vc_column][\/vc_column][\/vc_row]<\/p>\n","protected":false},"author":1,"featured_media":0,"parent":0,"menu_order":0,"comment_status":"closed","ping_status":"closed","template":"","meta":{"footnotes":""},"class_list":["post-279","page","type-page","status-publish","hentry"],"aioseo_notices":[],"_links":{"self":[{"href":"https:\/\/cordobagay.net\/index.php?rest_route=\/wp\/v2\/pages\/279","targetHints":{"allow":["GET"]}}],"collection":[{"href":"https:\/\/cordobagay.net\/index.php?rest_route=\/wp\/v2\/pages"}],"about":[{"href":"https:\/\/cordobagay.net\/index.php?rest_route=\/wp\/v2\/types\/page"}],"author":[{"embeddable":true,"href":"https:\/\/cordobagay.net\/index.php?rest_route=\/wp\/v2\/users\/1"}],"replies":[{"embeddable":true,"href":"https:\/\/cordobagay.net\/index.php?rest_route=%2Fwp%2Fv2%2Fcomments&post=279"}],"version-history":[{"count":0,"href":"https:\/\/cordobagay.net\/index.php?rest_route=\/wp\/v2\/pages\/279\/revisions"}],"wp:attachment":[{"href":"https:\/\/cordobagay.net\/index.php?rest_route=%2Fwp%2Fv2%2Fmedia&parent=279"}],"curies":[{"name":"wp","href":"https:\/\/api.w.org\/{rel}","templated":true}]}}