{"id":74,"date":"2017-03-03T08:21:01","date_gmt":"2017-03-03T08:21:01","guid":{"rendered":"http:\/\/www.athenadesignstudio.com\/themes\/royal-wp\/?page_id=74"},"modified":"2017-03-03T08:21:01","modified_gmt":"2017-03-03T08:21:01","slug":"contact","status":"publish","type":"page","link":"https:\/\/cordobagay.net\/?page_id=74","title":{"rendered":"Contact Us"},"content":{"rendered":"<p>[vc_row][vc_column]<div class=\"section-title \"><h2>Cont\u00e1ctanos<\/h2><p class=\"info\">Si ya ten\u00e9s decidido visitarnos, no dudes en realizarnos tus consultas<\/p><\/div>[vc_empty_space height=&#8221;60px&#8221;][\/vc_column][\/vc_row][vc_row el_class=&#8221;contact-form-area&#8221;][vc_column width=&#8221;1\/2&#8243; el_class=&#8221;contact-form-area&#8221;]<div id=\"royal-contact-form\" class=\"contact-form field-action\" data-url=\"https:\/\/cordobagay.net\/wp-content\/plugins\/royal\/inc\/ajax.php\">\r\n\t\t\t\t\t<div class=\"field\">\r\n\t\t\t\t\t\t<input type=\"text\" name=\"name\" class=\"field-name\" placeholder=\"Name\"><\/div>\t\t\t\r\n\t\t\t\t\t<div class=\"field\">\r\n\t\t\t\t\t\t<input type=\"email\" name=\"email\" class=\"field-email\" placeholder=\"Email\">\r\n\t\t\t\t\t<\/div>\r\n\t\t\t\t\t<div class=\"field\">\r\n\t\t\t\t\t\t<input type=\"text\" name=\"phone\" class=\"field-phone\" placeholder=\"Phone\">\r\n\t\t\t\t\t<\/div>\r\n\t\t\t\t\t<div class=\"field\">\r\n\t\t\t\t\t\t<textarea name=\"message\" class=\"field-message\" placeholder=\"Message\"><\/textarea>\r\n\t\t\t\t\t<\/div>\r\n\t\t\t\t\t\r\n\t\t\t\t\t<div>\r\n\t\t\t\t\t\t<button type=\"submit\" class=\"btn btn-default\" id=\"contact-submit\">Send Message<\/button>\r\n\t\t\t\t\t<\/div>\r\n\t\t\t\t<\/div>\r\n\t\t\t\t<div class=\"contact-form-result\">\n<h3>Gracias por enviarnos su consulta<\/h3>\n<p>Su mensaje ha sido enviado y le responderemos a la brevedad<\/p>\n<h5>Que tengas un buen d\u00eda!<\/h5>\n<\/div>[\/vc_column][vc_column width=&#8221;1\/2&#8243;][vc_column_text]<\/p>\n<h5>Visit\u00e1 C\u00f3rdoba.<\/h5>\n<p>Cualquier \u00e9poca del a\u00f1o es pretexto para conocer nuestra provincia,<br \/>\ncon propuestas interesantes para disfrutar los 365 d\u00edas del a\u00f1o.<\/p>\n<h5 class=\"offsetTopS\"><strong>CORDOBAGAY<\/strong><\/h5>\n<p><i class=\"fas fa-headphones\"><\/i> <strong>0800 268 0532\u200e<\/strong><\/p>\n<p><i class=\"fas fa-fw fa-phone-alt\"><\/i> +54 (9) 351 589 0532<\/p>\n<p><i class=\"fab fa-whatsapp\"><\/i> +54 (9) 351 599 0532<\/p>\n<p><i class=\"fas fa-fw fa-envelope\"><\/i> <a href=\"mailto:#\">info@cordobagay.net<\/a>[\/vc_column_text][\/vc_column][\/vc_row]<\/p>\n","protected":false},"excerpt":{"rendered":"<p>[vc_row][vc_column][vc_empty_space height=&#8221;60px&#8221;][\/vc_column][\/vc_row][vc_row el_class=&#8221;contact-form-area&#8221;][vc_column width=&#8221;1\/2&#8243; el_class=&#8221;contact-form-area&#8221;][\/vc_column][vc_column width=&#8221;1\/2&#8243;][vc_column_text] Visit\u00e1 C\u00f3rdoba. Cualquier \u00e9poca del a\u00f1o es pretexto para conocer nuestra provincia, con propuestas interesantes para disfrutar los 365 d\u00edas del a\u00f1o. CORDOBAGAY 0800 268 0532\u200e +54 (9) 351 589 0532 +54 (9) 351 599 0532 info@cordobagay.net[\/vc_column_text][\/vc_column][\/vc_row]<\/p>\n","protected":false},"author":1,"featured_media":0,"parent":0,"menu_order":0,"comment_status":"closed","ping_status":"closed","template":"","meta":{"footnotes":""},"class_list":["post-74","page","type-page","status-publish","hentry"],"aioseo_notices":[],"_links":{"self":[{"href":"https:\/\/cordobagay.net\/index.php?rest_route=\/wp\/v2\/pages\/74","targetHints":{"allow":["GET"]}}],"collection":[{"href":"https:\/\/cordobagay.net\/index.php?rest_route=\/wp\/v2\/pages"}],"about":[{"href":"https:\/\/cordobagay.net\/index.php?rest_route=\/wp\/v2\/types\/page"}],"author":[{"embeddable":true,"href":"https:\/\/cordobagay.net\/index.php?rest_route=\/wp\/v2\/users\/1"}],"replies":[{"embeddable":true,"href":"https:\/\/cordobagay.net\/index.php?rest_route=%2Fwp%2Fv2%2Fcomments&post=74"}],"version-history":[{"count":0,"href":"https:\/\/cordobagay.net\/index.php?rest_route=\/wp\/v2\/pages\/74\/revisions"}],"wp:attachment":[{"href":"https:\/\/cordobagay.net\/index.php?rest_route=%2Fwp%2Fv2%2Fmedia&parent=74"}],"curies":[{"name":"wp","href":"https:\/\/api.w.org\/{rel}","templated":true}]}}